{"id":3890,"date":"2020-03-19T23:23:10","date_gmt":"2020-03-20T06:23:10","guid":{"rendered":"https:\/\/carpediem.thriveline.ca\/?page_id=3890"},"modified":"2022-11-14T16:19:15","modified_gmt":"2022-11-15T00:19:15","slug":"domicile","status":"publish","type":"page","link":"https:\/\/carpediem.thriveline.ca\/fr\/","title":{"rendered":"Domicile"},"content":{"rendered":"","protected":false},"excerpt":{"rendered":"","protected":false},"author":1,"featured_media":0,"parent":0,"menu_order":16,"comment_status":"closed","ping_status":"closed","template":"homepage.php","meta":{"_acf_changed":false,"footnotes":""},"class_list":["post-3890","page","type-page","status-publish","hentry"],"acf":[],"yoast_head":"<!-- This site is optimized with the Yoast SEO plugin v26.8 - https:\/\/yoast.com\/product\/yoast-seo-wordpress\/ -->\n<title>Carpe Diem Tours - D\u00e9gustation de vins Kelowna | Les meilleurs vignobles de West Kelowna | Okanagan | Osoyoos | Lake Country<\/title>\n<meta name=\"description\" content=\"Carpe Diem Tours vous propose une exp\u00e9rience unique et excitante pour les amateurs de vins \u00e0 Kelowna. Exp\u00e9rimenter une nouvelle fa\u00e7on d&#039;appr\u00e9cier les vignobles avec nous. R\u00e9server une visite aujourd&#039;hui, ou appelez nous au 250-863-1915!\" \/>\n<meta name=\"robots\" content=\"noindex, follow, max-snippet:-1, max-image-preview:large, max-video-preview:-1\" \/>\n<meta property=\"og:locale\" content=\"fr_FR\" \/>\n<meta property=\"og:type\" content=\"article\" \/>\n<meta property=\"og:title\" content=\"Carpe Diem Tours - D\u00e9gustation de vins Kelowna | Les meilleurs vignobles de West Kelowna | Okanagan | Osoyoos | Lake Country\" \/>\n<meta property=\"og:description\" content=\"Carpe Diem Tours vous propose une exp\u00e9rience unique et excitante pour les amateurs de vins \u00e0 Kelowna. Exp\u00e9rimenter une nouvelle fa\u00e7on d&#039;appr\u00e9cier les vignobles avec nous. R\u00e9server une visite aujourd&#039;hui, ou appelez nous au 250-863-1915!\" \/>\n<meta property=\"og:url\" content=\"https:\/\/carpediem.thriveline.ca\/fr\/\" \/>\n<meta property=\"og:site_name\" content=\"Carpe Diem Tours\" \/>\n<meta property=\"article:modified_time\" content=\"2022-11-15T00:19:15+00:00\" \/>\n<meta name=\"twitter:card\" content=\"summary_large_image\" \/>\n<script type=\"application\/ld+json\" class=\"yoast-schema-graph\">{\"@context\":\"https:\/\/schema.org\",\"@graph\":[{\"@type\":\"WebPage\",\"@id\":\"https:\/\/carpediem.thriveline.ca\/fr\/\",\"url\":\"https:\/\/carpediem.thriveline.ca\/fr\/\",\"name\":\"Carpe Diem Tours - D\u00e9gustation de vins Kelowna | Les meilleurs vignobles de West Kelowna | Okanagan | Osoyoos | Lake Country\",\"isPartOf\":{\"@id\":\"https:\/\/carpediem.thriveline.ca\/fr\/#website\"},\"datePublished\":\"2020-03-20T06:23:10+00:00\",\"dateModified\":\"2022-11-15T00:19:15+00:00\",\"description\":\"Carpe Diem Tours vous propose une exp\u00e9rience unique et excitante pour les amateurs de vins \u00e0 Kelowna. Exp\u00e9rimenter une nouvelle fa\u00e7on d'appr\u00e9cier les vignobles avec nous. R\u00e9server une visite aujourd'hui, ou appelez nous au 250-863-1915!\",\"breadcrumb\":{\"@id\":\"https:\/\/carpediem.thriveline.ca\/fr\/#breadcrumb\"},\"inLanguage\":\"fr-FR\",\"potentialAction\":[{\"@type\":\"ReadAction\",\"target\":[\"https:\/\/carpediem.thriveline.ca\/fr\/\"]}]},{\"@type\":\"BreadcrumbList\",\"@id\":\"https:\/\/carpediem.thriveline.ca\/fr\/#breadcrumb\",\"itemListElement\":[{\"@type\":\"ListItem\",\"position\":1,\"name\":\"Home\",\"item\":\"https:\/\/carpediem.thriveline.ca\/fr\/\"},{\"@type\":\"ListItem\",\"position\":2,\"name\":\"Domicile\"}]},{\"@type\":\"WebSite\",\"@id\":\"https:\/\/carpediem.thriveline.ca\/fr\/#website\",\"url\":\"https:\/\/carpediem.thriveline.ca\/fr\/\",\"name\":\"Carpe Diem Tours\",\"description\":\"SEIZE THE DAY!\",\"publisher\":{\"@id\":\"https:\/\/carpediem.thriveline.ca\/fr\/#organization\"},\"potentialAction\":[{\"@type\":\"SearchAction\",\"target\":{\"@type\":\"EntryPoint\",\"urlTemplate\":\"https:\/\/carpediem.thriveline.ca\/fr\/?s={search_term_string}\"},\"query-input\":{\"@type\":\"PropertyValueSpecification\",\"valueRequired\":true,\"valueName\":\"search_term_string\"}}],\"inLanguage\":\"fr-FR\"},{\"@type\":\"Organization\",\"@id\":\"https:\/\/carpediem.thriveline.ca\/fr\/#organization\",\"name\":\"Carpe Diem Tours\",\"url\":\"https:\/\/carpediem.thriveline.ca\/fr\/\",\"logo\":{\"@type\":\"ImageObject\",\"inLanguage\":\"fr-FR\",\"@id\":\"https:\/\/carpediem.thriveline.ca\/fr\/#\/schema\/logo\/image\/\",\"url\":\"https:\/\/carpediem.thriveline.ca\/wp-content\/uploads\/2020\/03\/carpe-diem-tours-logo.png\",\"contentUrl\":\"https:\/\/carpediem.thriveline.ca\/wp-content\/uploads\/2020\/03\/carpe-diem-tours-logo.png\",\"width\":134,\"height\":133,\"caption\":\"Carpe Diem Tours\"},\"image\":{\"@id\":\"https:\/\/carpediem.thriveline.ca\/fr\/#\/schema\/logo\/image\/\"}}]}<\/script>\n<!-- \/ Yoast SEO plugin. -->","yoast_head_json":{"title":"Carpe Diem Tours - D\u00e9gustation de vins Kelowna | Les meilleurs vignobles de West Kelowna | Okanagan | Osoyoos | Lake Country","description":"Carpe Diem Tours vous propose une exp\u00e9rience unique et excitante pour les amateurs de vins \u00e0 Kelowna. Exp\u00e9rimenter une nouvelle fa\u00e7on d'appr\u00e9cier les vignobles avec nous. R\u00e9server une visite aujourd'hui, ou appelez nous au 250-863-1915!","robots":{"index":"noindex","follow":"follow","max-snippet":"max-snippet:-1","max-image-preview":"max-image-preview:large","max-video-preview":"max-video-preview:-1"},"og_locale":"fr_FR","og_type":"article","og_title":"Carpe Diem Tours - D\u00e9gustation de vins Kelowna | Les meilleurs vignobles de West Kelowna | Okanagan | Osoyoos | Lake Country","og_description":"Carpe Diem Tours vous propose une exp\u00e9rience unique et excitante pour les amateurs de vins \u00e0 Kelowna. Exp\u00e9rimenter une nouvelle fa\u00e7on d'appr\u00e9cier les vignobles avec nous. R\u00e9server une visite aujourd'hui, ou appelez nous au 250-863-1915!","og_url":"https:\/\/carpediem.thriveline.ca\/fr\/","og_site_name":"Carpe Diem Tours","article_modified_time":"2022-11-15T00:19:15+00:00","twitter_card":"summary_large_image","schema":{"@context":"https:\/\/schema.org","@graph":[{"@type":"WebPage","@id":"https:\/\/carpediem.thriveline.ca\/fr\/","url":"https:\/\/carpediem.thriveline.ca\/fr\/","name":"Carpe Diem Tours - D\u00e9gustation de vins Kelowna | Les meilleurs vignobles de West Kelowna | Okanagan | Osoyoos | Lake Country","isPartOf":{"@id":"https:\/\/carpediem.thriveline.ca\/fr\/#website"},"datePublished":"2020-03-20T06:23:10+00:00","dateModified":"2022-11-15T00:19:15+00:00","description":"Carpe Diem Tours vous propose une exp\u00e9rience unique et excitante pour les amateurs de vins \u00e0 Kelowna. Exp\u00e9rimenter une nouvelle fa\u00e7on d'appr\u00e9cier les vignobles avec nous. R\u00e9server une visite aujourd'hui, ou appelez nous au 250-863-1915!","breadcrumb":{"@id":"https:\/\/carpediem.thriveline.ca\/fr\/#breadcrumb"},"inLanguage":"fr-FR","potentialAction":[{"@type":"ReadAction","target":["https:\/\/carpediem.thriveline.ca\/fr\/"]}]},{"@type":"BreadcrumbList","@id":"https:\/\/carpediem.thriveline.ca\/fr\/#breadcrumb","itemListElement":[{"@type":"ListItem","position":1,"name":"Home","item":"https:\/\/carpediem.thriveline.ca\/fr\/"},{"@type":"ListItem","position":2,"name":"Domicile"}]},{"@type":"WebSite","@id":"https:\/\/carpediem.thriveline.ca\/fr\/#website","url":"https:\/\/carpediem.thriveline.ca\/fr\/","name":"Carpe Diem Tours","description":"SEIZE THE DAY!","publisher":{"@id":"https:\/\/carpediem.thriveline.ca\/fr\/#organization"},"potentialAction":[{"@type":"SearchAction","target":{"@type":"EntryPoint","urlTemplate":"https:\/\/carpediem.thriveline.ca\/fr\/?s={search_term_string}"},"query-input":{"@type":"PropertyValueSpecification","valueRequired":true,"valueName":"search_term_string"}}],"inLanguage":"fr-FR"},{"@type":"Organization","@id":"https:\/\/carpediem.thriveline.ca\/fr\/#organization","name":"Carpe Diem Tours","url":"https:\/\/carpediem.thriveline.ca\/fr\/","logo":{"@type":"ImageObject","inLanguage":"fr-FR","@id":"https:\/\/carpediem.thriveline.ca\/fr\/#\/schema\/logo\/image\/","url":"https:\/\/carpediem.thriveline.ca\/wp-content\/uploads\/2020\/03\/carpe-diem-tours-logo.png","contentUrl":"https:\/\/carpediem.thriveline.ca\/wp-content\/uploads\/2020\/03\/carpe-diem-tours-logo.png","width":134,"height":133,"caption":"Carpe Diem Tours"},"image":{"@id":"https:\/\/carpediem.thriveline.ca\/fr\/#\/schema\/logo\/image\/"}}]}},"_links":{"self":[{"href":"https:\/\/carpediem.thriveline.ca\/fr\/wp-json\/wp\/v2\/pages\/3890","targetHints":{"allow":["GET"]}}],"collection":[{"href":"https:\/\/carpediem.thriveline.ca\/fr\/wp-json\/wp\/v2\/pages"}],"about":[{"href":"https:\/\/carpediem.thriveline.ca\/fr\/wp-json\/wp\/v2\/types\/page"}],"author":[{"embeddable":true,"href":"https:\/\/carpediem.thriveline.ca\/fr\/wp-json\/wp\/v2\/users\/1"}],"replies":[{"embeddable":true,"href":"https:\/\/carpediem.thriveline.ca\/fr\/wp-json\/wp\/v2\/comments?post=3890"}],"version-history":[{"count":3,"href":"https:\/\/carpediem.thriveline.ca\/fr\/wp-json\/wp\/v2\/pages\/3890\/revisions"}],"predecessor-version":[{"id":4668,"href":"https:\/\/carpediem.thriveline.ca\/fr\/wp-json\/wp\/v2\/pages\/3890\/revisions\/4668"}],"wp:attachment":[{"href":"https:\/\/carpediem.thriveline.ca\/fr\/wp-json\/wp\/v2\/media?parent=3890"}],"curies":[{"name":"wp","href":"https:\/\/api.w.org\/{rel}","templated":true}]}}